{"id":541,"date":"2025-06-17T22:07:47","date_gmt":"2025-06-17T20:07:47","guid":{"rendered":"https:\/\/valoblog.fr\/about\/"},"modified":"2025-06-20T01:05:11","modified_gmt":"2025-06-19T23:05:11","slug":"faq","status":"publish","type":"page","link":"https:\/\/valoblog.fr\/en\/faq\/","title":{"rendered":"FAQ"},"content":{"rendered":"<div data-elementor-type=\"wp-post\" data-elementor-id=\"541\" class=\"elementor elementor-541\">\n\t\t\t\t<div class=\"elementor-element elementor-element-5f02ddf e-flex e-con-boxed wpr-particle-no wpr-jarallax-no wpr-parallax-no wpr-sticky-section-no e-con e-parent\" data-id=\"5f02ddf\" data-element_type=\"container\" data-e-type=\"container\" data-settings=\"{&quot;background_background&quot;:&quot;classic&quot;,&quot;shape_divider_bottom&quot;:&quot;opacity-fan&quot;}\">\n\t\t\t\t\t<div class=\"e-con-inner\">\n\t\t\t\t<div class=\"elementor-shape elementor-shape-bottom\" aria-hidden=\"true\" data-negative=\"false\">\n\t\t\t<svg xmlns=\"http:\/\/www.w3.org\/2000\/svg\" viewbox=\"0 0 283.5 19.6\" preserveaspectratio=\"none\">\n\t<path class=\"elementor-shape-fill\" style=\"opacity:0.33\" d=\"M0 0L0 18.8 141.8 4.1 283.5 18.8 283.5 0z\"\/>\n\t<path class=\"elementor-shape-fill\" style=\"opacity:0.33\" d=\"M0 0L0 12.6 141.8 4 283.5 12.6 283.5 0z\"\/>\n\t<path class=\"elementor-shape-fill\" style=\"opacity:0.33\" d=\"M0 0L0 6.4 141.8 4 283.5 6.4 283.5 0z\"\/>\n\t<path class=\"elementor-shape-fill\" d=\"M0 0L0 1.2 141.8 4 283.5 1.2 283.5 0z\"\/>\n<\/svg>\t\t<\/div>\n\t\t<div class=\"elementor-element elementor-element-0502d81 e-con-full e-flex wpr-particle-no wpr-jarallax-no wpr-parallax-no wpr-sticky-section-no e-con e-child\" data-id=\"0502d81\" data-element_type=\"container\" data-e-type=\"container\">\n\t\t\t\t<div class=\"elementor-element elementor-element-03d202b elementor-widget elementor-widget-heading\" data-id=\"03d202b\" data-element_type=\"widget\" data-e-type=\"widget\" data-widget_type=\"heading.default\">\n\t\t\t\t<div class=\"elementor-widget-container\">\n\t\t\t\t\t<h1 class=\"elementor-heading-title elementor-size-default\">Foire au questions<\/h1>\t\t\t\t<\/div>\n\t\t\t\t<\/div>\n\t\t\t\t<\/div>\n\t\t\t\t\t<\/div>\n\t\t\t\t<\/div>\n\t\t<div class=\"elementor-element elementor-element-64b87e7 e-flex e-con-boxed wpr-particle-no wpr-jarallax-no wpr-parallax-no wpr-sticky-section-no e-con e-parent\" data-id=\"64b87e7\" data-element_type=\"container\" data-e-type=\"container\">\n\t\t\t\t\t<div class=\"e-con-inner\">\n\t\t\t\t<div class=\"elementor-element elementor-element-a3037c5 elementor-widget elementor-widget-eael-adv-accordion\" data-id=\"a3037c5\" data-element_type=\"widget\" data-e-type=\"widget\" data-widget_type=\"eael-adv-accordion.default\">\n\t\t\t\t<div class=\"elementor-widget-container\">\n\t\t\t\t\t            <div class=\"eael-adv-accordion\" id=\"eael-adv-accordion-a3037c5\" data-scroll-on-click=\"no\" data-scroll-speed=\"300\" data-accordion-id=\"a3037c5\" data-accordion-type=\"accordion\" data-toogle-speed=\"300\">\n            <div class=\"eael-accordion-list\">\n\t\t\t\t\t<div id=\"quel-est-le-sujet-principal-de-ce-blog-\" class=\"elementor-tab-title eael-accordion-header\" tabindex=\"0\" data-tab=\"1\" aria-controls=\"elementor-tab-content-1701\"><span class=\"eael-advanced-accordion-icon-closed\"><i aria-hidden=\"true\" class=\"fa-accordion-icon fas fa-plus\"><\/i><\/span><span class=\"eael-advanced-accordion-icon-opened\"><i aria-hidden=\"true\" class=\"fa-accordion-icon fas fa-minus\"><\/i><\/span><span class=\"eael-accordion-tab-title\">Quel est le sujet principal de ce blog ?<\/span><i aria-hidden=\"true\" class=\"fa-toggle fas fa-angle-right\"><\/i><\/div><div id=\"elementor-tab-content-1701\" class=\"eael-accordion-content clearfix\" data-tab=\"1\" aria-labelledby=\"quel-est-le-sujet-principal-de-ce-blog-\"><div style=\"font-family: 'Rajdhani', sans-serif\">Ce blog est enti\u00e8rement consacr\u00e9 \u00e0 Valorant, le jeu de tir tactique d\u00e9velopp\u00e9 par Riot Games. Vous y trouverez des articles d\u00e9taill\u00e9s sur les armes, les agents, les cartes, ainsi que sur les diff\u00e9rents modes de jeu.<\/div><\/div>\n\t\t\t\t\t<\/div><div class=\"eael-accordion-list\">\n\t\t\t\t\t<div id=\"qui-sont-les-auteurs-du-blog-\" class=\"elementor-tab-title eael-accordion-header\" tabindex=\"0\" data-tab=\"2\" aria-controls=\"elementor-tab-content-1702\"><span class=\"eael-advanced-accordion-icon-closed\"><i aria-hidden=\"true\" class=\"fa-accordion-icon fas fa-plus\"><\/i><\/span><span class=\"eael-advanced-accordion-icon-opened\"><i aria-hidden=\"true\" class=\"fa-accordion-icon fas fa-minus\"><\/i><\/span><span class=\"eael-accordion-tab-title\">Qui sont les auteurs du blog ?<\/span><i aria-hidden=\"true\" class=\"fa-toggle fas fa-angle-right\"><\/i><\/div><div id=\"elementor-tab-content-1702\" class=\"eael-accordion-content clearfix\" data-tab=\"2\" aria-labelledby=\"qui-sont-les-auteurs-du-blog-\"><div style=\"font-family: 'Rajdhani', sans-serif\">Le blog a \u00e9t\u00e9 cr\u00e9\u00e9 dans le cadre d\u2019un projet de fin d\u2019ann\u00e9e de terminale par deux trou de balle. C\u2019est \u00e0 la fois un travail scolaire et un projet que nous avons pris plaisir \u00e0 d\u00e9velopper autour d\u2019un jeu que nous appr\u00e9cions particuli\u00e8rement.<\/div><\/div>\n\t\t\t\t\t<\/div><div class=\"eael-accordion-list\">\n\t\t\t\t\t<div id=\"le-contenu-est-il-regulierement-mis-a-jour-\" class=\"elementor-tab-title eael-accordion-header\" tabindex=\"0\" data-tab=\"3\" aria-controls=\"elementor-tab-content-1703\"><span class=\"eael-advanced-accordion-icon-closed\"><i aria-hidden=\"true\" class=\"fa-accordion-icon fas fa-plus\"><\/i><\/span><span class=\"eael-advanced-accordion-icon-opened\"><i aria-hidden=\"true\" class=\"fa-accordion-icon fas fa-minus\"><\/i><\/span><span class=\"eael-accordion-tab-title\">Le contenu est-il regulierement mis a jour ?<\/span><i aria-hidden=\"true\" class=\"fa-toggle fas fa-angle-right\"><\/i><\/div><div id=\"elementor-tab-content-1703\" class=\"eael-accordion-content clearfix\" data-tab=\"3\" aria-labelledby=\"le-contenu-est-il-regulierement-mis-a-jour-\"><div style=\"font-family: 'Rajdhani', sans-serif\">Nous faisons de notre mieux pour maintenir les informations \u00e0 jour. Valorant \u00e9volue fr\u00e9quemment (mises \u00e0 jour, \u00e9quilibrages, nouveaux agents ou cartes), donc certaines pages peuvent n\u00e9cessiter une actualisation. N\u2019h\u00e9sitez pas \u00e0 nous signaler toute information obsol\u00e8te.<\/div><\/div>\n\t\t\t\t\t<\/div><div class=\"eael-accordion-list\">\n\t\t\t\t\t<div id=\"le-blog-sadresse-t-il-uniquement-aux-joueurs-experimentes-\" class=\"elementor-tab-title eael-accordion-header\" tabindex=\"0\" data-tab=\"4\" aria-controls=\"elementor-tab-content-1704\"><span class=\"eael-advanced-accordion-icon-closed\"><i aria-hidden=\"true\" class=\"fa-accordion-icon fas fa-plus\"><\/i><\/span><span class=\"eael-advanced-accordion-icon-opened\"><i aria-hidden=\"true\" class=\"fa-accordion-icon fas fa-minus\"><\/i><\/span><span class=\"eael-accordion-tab-title\">Le blog s\u2019adresse-t-il uniquement aux joueurs experimentes ?<\/span><i aria-hidden=\"true\" class=\"fa-toggle fas fa-angle-right\"><\/i><\/div><div id=\"elementor-tab-content-1704\" class=\"eael-accordion-content clearfix\" data-tab=\"4\" aria-labelledby=\"le-blog-sadresse-t-il-uniquement-aux-joueurs-experimentes-\"><div style=\"font-family: 'Rajdhani', sans-serif\">Pas du tout ! Le blog s\u2019adresse autant aux d\u00e9butants qu\u2019aux joueurs plus exp\u00e9riment\u00e9s. Nos articles sont pens\u00e9s pour \u00eatre clairs, accessibles, et utiles quel que soit votre niveau sur le jeu.<\/div><\/div>\n\t\t\t\t\t<\/div><div class=\"eael-accordion-list\">\n\t\t\t\t\t<div id=\"pourquoi-avoir-choisi-valorant-comme-sujet-\" class=\"elementor-tab-title eael-accordion-header\" tabindex=\"0\" data-tab=\"5\" aria-controls=\"elementor-tab-content-1705\"><span class=\"eael-advanced-accordion-icon-closed\"><i aria-hidden=\"true\" class=\"fa-accordion-icon fas fa-plus\"><\/i><\/span><span class=\"eael-advanced-accordion-icon-opened\"><i aria-hidden=\"true\" class=\"fa-accordion-icon fas fa-minus\"><\/i><\/span><span class=\"eael-accordion-tab-title\">Pourquoi avoir choisi Valorant comme sujet ?<\/span><i aria-hidden=\"true\" class=\"fa-toggle fas fa-angle-right\"><\/i><\/div><div id=\"elementor-tab-content-1705\" class=\"eael-accordion-content clearfix\" data-tab=\"5\" aria-labelledby=\"pourquoi-avoir-choisi-valorant-comme-sujet-\"><div style=\"font-family: 'Rajdhani', sans-serif\">Nous avons choisi Valorant car c\u2019est un jeu que nous connaissons bien et que nous appr\u00e9cions. De plus, son univers riche et bien document\u00e9 nous a permis de cr\u00e9er un contenu structur\u00e9 et int\u00e9ressant dans le cadre du projet.<\/div><\/div>\n\t\t\t\t\t<\/div><div class=\"eael-accordion-list\">\n\t\t\t\t\t<div id=\"comment-vous-contacter-\" class=\"elementor-tab-title eael-accordion-header\" tabindex=\"0\" data-tab=\"6\" aria-controls=\"elementor-tab-content-1706\"><span class=\"eael-advanced-accordion-icon-closed\"><i aria-hidden=\"true\" class=\"fa-accordion-icon fas fa-plus\"><\/i><\/span><span class=\"eael-advanced-accordion-icon-opened\"><i aria-hidden=\"true\" class=\"fa-accordion-icon fas fa-minus\"><\/i><\/span><span class=\"eael-accordion-tab-title\">Comment vous contacter ?<\/span><i aria-hidden=\"true\" class=\"fa-toggle fas fa-angle-right\"><\/i><\/div><div id=\"elementor-tab-content-1706\" class=\"eael-accordion-content clearfix\" data-tab=\"6\" aria-labelledby=\"comment-vous-contacter-\"><div style=\"font-family: 'Rajdhani', sans-serif\">Un formulaire de contact est disponible sur le site. Vous pouvez \u00e9galement nous \u00e9crire directement \u00e0 l\u2019adresse suivante : contact@valoblog.fr. Nous sommes ouverts aux retours, suggestions ou questions.<\/div><\/div>\n\t\t\t\t\t<\/div><\/div>\t\t\t\t<\/div>\n\t\t\t\t<\/div>\n\t\t\t\t\t<\/div>\n\t\t\t\t<\/div>\n\t\t\t\t<\/div>","protected":false},"excerpt":{"rendered":"<p>Foire au questions Quel est le sujet principal de ce blog ?Ce blog est enti\u00e8rement consacr\u00e9 \u00e0 Valorant, le jeu de tir tactique d\u00e9velopp\u00e9 par Riot Games. Vous y trouverez des articles d\u00e9taill\u00e9s sur les armes, les agents, les cartes, ainsi que sur les diff\u00e9rents modes de jeu. Qui sont les auteurs du blog ?Le blog a \u00e9t\u00e9 cr\u00e9\u00e9 dans le cadre d\u2019un projet de fin d\u2019ann\u00e9e de terminale par deux trou de balle. C\u2019est \u00e0 la fois un travail scolaire et un projet que nous avons pris plaisir \u00e0 d\u00e9velopper autour d\u2019un jeu que nous appr\u00e9cions particuli\u00e8rement. Le contenu est-il regulierement mis a jour ?Nous faisons de notre mieux pour maintenir les informations \u00e0 jour. Valorant \u00e9volue fr\u00e9quemment (mises \u00e0 jour, \u00e9quilibrages, nouveaux agents ou cartes), donc certaines pages peuvent n\u00e9cessiter une actualisation. N\u2019h\u00e9sitez pas \u00e0 nous signaler toute information obsol\u00e8te. Le blog s\u2019adresse-t-il uniquement aux joueurs experimentes ?Pas du tout ! Le blog s\u2019adresse autant aux d\u00e9butants qu\u2019aux joueurs plus exp\u00e9riment\u00e9s. Nos articles sont pens\u00e9s pour \u00eatre clairs, accessibles, et utiles quel que soit votre niveau sur le jeu. Pourquoi avoir choisi Valorant comme sujet ?Nous avons choisi Valorant car c\u2019est un jeu que nous connaissons bien et que nous appr\u00e9cions. De plus, son univers riche et bien document\u00e9 nous a permis de cr\u00e9er un contenu structur\u00e9 et int\u00e9ressant dans le cadre du projet. Comment vous contacter ?Un formulaire de contact est disponible sur le site. Vous pouvez \u00e9galement nous \u00e9crire directement \u00e0 l\u2019adresse suivante : contact@valoblog.fr. Nous sommes ouverts aux retours, suggestions ou questions.<\/p>","protected":false},"author":1,"featured_media":0,"parent":0,"menu_order":0,"comment_status":"closed","ping_status":"closed","template":"","meta":{"site-sidebar-layout":"no-sidebar","site-content-layout":"page-builder","ast-site-content-layout":"full-width-container","site-content-style":"unboxed","site-sidebar-style":"unboxed","ast-global-header-display":"","ast-banner-title-visibility":"","ast-main-header-display":"","ast-hfb-above-header-display":"","ast-hfb-below-header-display":"","ast-hfb-mobile-header-display":"","site-post-title":"disabled","ast-breadcrumbs-content":"","ast-featured-img":"disabled","footer-sml-layout":"","ast-disable-related-posts":"","theme-transparent-header-meta":"enabled","adv-header-id-meta":"","stick-header-meta":"","header-above-stick-meta":"","header-main-stick-meta":"","header-below-stick-meta":"","astra-migrate-meta-layouts":"set","ast-page-background-enabled":"default","ast-page-background-meta":{"desktop":{"background-color":"","background-image":"","background-repeat":"repeat","background-position":"center center","background-size":"auto","background-attachment":"scroll","background-type":"","background-media":"","overlay-type":"","overlay-color":"","overlay-opacity":"","overlay-gradient":""},"tablet":{"background-color":"","background-image":"","background-repeat":"repeat","background-position":"center center","background-size":"auto","background-attachment":"scroll","background-type":"","background-media":"","overlay-type":"","overlay-color":"","overlay-opacity":"","overlay-gradient":""},"mobile":{"background-color":"","background-image":"","background-repeat":"repeat","background-position":"center center","background-size":"auto","background-attachment":"scroll","background-type":"","background-media":"","overlay-type":"","overlay-color":"","overlay-opacity":"","overlay-gradient":""}},"ast-content-background-meta":{"desktop":{"background-color":"var(--ast-global-color-5)","background-image":"","background-repeat":"repeat","background-position":"center center","background-size":"auto","background-attachment":"scroll","background-type":"","background-media":"","overlay-type":"","overlay-color":"","overlay-opacity":"","overlay-gradient":""},"tablet":{"background-color":"var(--ast-global-color-5)","background-image":"","background-repeat":"repeat","background-position":"center center","background-size":"auto","background-attachment":"scroll","background-type":"","background-media":"","overlay-type":"","overlay-color":"","overlay-opacity":"","overlay-gradient":""},"mobile":{"background-color":"var(--ast-global-color-5)","background-image":"","background-repeat":"repeat","background-position":"center center","background-size":"auto","background-attachment":"scroll","background-type":"","background-media":"","overlay-type":"","overlay-color":"","overlay-opacity":"","overlay-gradient":""}},"footnotes":""},"class_list":["post-541","page","type-page","status-publish","hentry"],"_links":{"self":[{"href":"https:\/\/valoblog.fr\/en\/wp-json\/wp\/v2\/pages\/541","targetHints":{"allow":["GET"]}}],"collection":[{"href":"https:\/\/valoblog.fr\/en\/wp-json\/wp\/v2\/pages"}],"about":[{"href":"https:\/\/valoblog.fr\/en\/wp-json\/wp\/v2\/types\/page"}],"author":[{"embeddable":true,"href":"https:\/\/valoblog.fr\/en\/wp-json\/wp\/v2\/users\/1"}],"replies":[{"embeddable":true,"href":"https:\/\/valoblog.fr\/en\/wp-json\/wp\/v2\/comments?post=541"}],"version-history":[{"count":16,"href":"https:\/\/valoblog.fr\/en\/wp-json\/wp\/v2\/pages\/541\/revisions"}],"predecessor-version":[{"id":1392,"href":"https:\/\/valoblog.fr\/en\/wp-json\/wp\/v2\/pages\/541\/revisions\/1392"}],"wp:attachment":[{"href":"https:\/\/valoblog.fr\/en\/wp-json\/wp\/v2\/media?parent=541"}],"curies":[{"name":"wp","href":"https:\/\/api.w.org\/{rel}","templated":true}]}}